{"id":13814,"date":"2024-04-15T07:05:37","date_gmt":"2024-04-15T07:05:37","guid":{"rendered":"https:\/\/franzonisedietavoli.it\/prodotto\/mod-3920\/"},"modified":"2024-04-15T07:05:37","modified_gmt":"2024-04-15T07:05:37","slug":"mod-3920","status":"publish","type":"product","link":"https:\/\/franzonisedietavoli.it\/en\/prodotto\/mod-3920\/","title":{"rendered":"mod. 3920"},"content":{"rendered":"","protected":false},"excerpt":{"rendered":"<p><strong>Carrara marble tabletop<\/strong><\/p>\n<ul>\n<li>Width: 60 cm, 70 cm, 80 cm, 90 cm, 120 cm<\/li>\n<li>Depth: 60 cm, 70 cm, 80 cm, 90 cm<\/li>\n<\/ul>\n<p>&nbsp;<\/p>\n<ul>\n<li>Diameter: <span class=\"font6\">\u00d8 60 cm; \u00d8 70 cm, \u00d8 80 cm; \u00d8 90 cm<\/span><\/li>\n<\/ul>\n<p>Thickness: 2 cm<\/p>\n<p>&nbsp;<\/p>\n<p>Our tabletops offer a wide range of customisation options.<\/p>\n<p>[av_font_icon icon=\"ue84d\" font=\"entypo-fontello\" style=\"\" caption=\"\" size=\"30px\" position=\"left\" color=\"#0c163b\" link=\"\" linktarget=\"\" sonar_effect_effect=\"\" sonar_effect_color=\"\" sonar_effect_duration=\"1\" sonar_effect_scale=\"\" sonar_effect_opac=\"0.5\" animation=\"\" id=\"\" custom_class=\"\" template_class=\"\" av_uid=\"av-367o3f-1\" sc_version=\"1.0\" admin_preview_bg=\"\"][\/av_font_icon] <a href=\"mailto:segreteria@franzoniarredamenti.it?subject=mod.3920\">Request information<\/a><\/p>\n<p>&nbsp;<\/p>\n<p>Marble finishes for outdoors:<\/p>\n<p><img loading=\"lazy\" decoding=\"async\" class=\"alignnone wp-image-13342\" src=\"https:\/\/franzonisedietavoli.it\/wp-content\/uploads\/2024\/04\/Screenshot-2024-04-15-alle-08.54.10.png\" alt=\"\" width=\"349\" height=\"312\"><\/p>\n","protected":false},"featured_media":13336,"template":"","meta":{"_monsterinsights_skip_tracking":false,"_monsterinsights_sitenote_active":false,"_monsterinsights_sitenote_note":"","_monsterinsights_sitenote_category":0},"product_brand":[],"product_cat":[65],"product_tag":[],"class_list":{"0":"post-13814","1":"product","2":"type-product","3":"status-publish","4":"has-post-thumbnail","6":"product_cat-tabletops","8":"first","9":"instock","10":"shipping-taxable","11":"product-type-simple"},"_links":{"self":[{"href":"https:\/\/franzonisedietavoli.it\/en\/wp-json\/wp\/v2\/product\/13814","targetHints":{"allow":["GET"]}}],"collection":[{"href":"https:\/\/franzonisedietavoli.it\/en\/wp-json\/wp\/v2\/product"}],"about":[{"href":"https:\/\/franzonisedietavoli.it\/en\/wp-json\/wp\/v2\/types\/product"}],"wp:featuredmedia":[{"embeddable":true,"href":"https:\/\/franzonisedietavoli.it\/en\/wp-json\/wp\/v2\/media\/13336"}],"wp:attachment":[{"href":"https:\/\/franzonisedietavoli.it\/en\/wp-json\/wp\/v2\/media?parent=13814"}],"wp:term":[{"taxonomy":"product_brand","embeddable":true,"href":"https:\/\/franzonisedietavoli.it\/en\/wp-json\/wp\/v2\/product_brand?post=13814"},{"taxonomy":"product_cat","embeddable":true,"href":"https:\/\/franzonisedietavoli.it\/en\/wp-json\/wp\/v2\/product_cat?post=13814"},{"taxonomy":"product_tag","embeddable":true,"href":"https:\/\/franzonisedietavoli.it\/en\/wp-json\/wp\/v2\/product_tag?post=13814"}],"curies":[{"name":"wp","href":"https:\/\/api.w.org\/{rel}","templated":true}]}}