{"id":13813,"date":"2024-04-15T07:44:20","date_gmt":"2024-04-15T07:44:20","guid":{"rendered":"https:\/\/franzonisedietavoli.it\/prodotto\/mod-3901\/"},"modified":"2024-04-15T07:44:20","modified_gmt":"2024-04-15T07:44:20","slug":"mod-3901","status":"publish","type":"product","link":"https:\/\/franzonisedietavoli.it\/en\/prodotto\/mod-3901\/","title":{"rendered":"Mod. 3901"},"content":{"rendered":"","protected":false},"excerpt":{"rendered":"<p><strong>Veneered tabletop<\/strong><\/p>\n<ul>\n<li>Width: 60 cm, 70 cm, 80 cm, 90 cm, 120 cm, 130 cm, 140 cm, 160 cm<\/li>\n<li>Depth: 60 cm, 70 cm, 80 cm, 90 cm<\/li>\n<\/ul>\n<p>&nbsp;<\/p>\n<ul>\n<li>Diameter: <span class=\"font6\">\u00d8 60 cm; \u00d8 70 cm, \u00d8 80 cm; \u00d8 90 cm; \u00d8 120 cm; \u00d8 140; \u00d8 160 cm<\/span><\/li>\n<\/ul>\n<p>Thickness: 1,8 cm \/ 2,5 cm<\/p>\n<p>&nbsp;<\/p>\n<p>Our tabletops offer a wide range of customisation options.<\/p>\n<p>&nbsp;<\/p>\n<p>Veneered tabletop light-coloured finishes:<\/p>\n<p><img loading=\"lazy\" decoding=\"async\" class=\"alignnone size-full wp-image-13349\" src=\"https:\/\/franzonisedietavoli.it\/wp-content\/uploads\/2024\/04\/Screenshot-2024-04-15-alle-09.52.38.png\" alt=\"\" width=\"1186\" height=\"346\" srcset=\"https:\/\/franzonisedietavoli.it\/wp-content\/uploads\/2024\/04\/Screenshot-2024-04-15-alle-09.52.38.png 1186w, https:\/\/franzonisedietavoli.it\/wp-content\/uploads\/2024\/04\/Screenshot-2024-04-15-alle-09.52.38-300x88.png 300w, https:\/\/franzonisedietavoli.it\/wp-content\/uploads\/2024\/04\/Screenshot-2024-04-15-alle-09.52.38-1030x300.png 1030w, https:\/\/franzonisedietavoli.it\/wp-content\/uploads\/2024\/04\/Screenshot-2024-04-15-alle-09.52.38-768x224.png 768w, https:\/\/franzonisedietavoli.it\/wp-content\/uploads\/2024\/04\/Screenshot-2024-04-15-alle-09.52.38-705x206.png 705w, https:\/\/franzonisedietavoli.it\/wp-content\/uploads\/2024\/04\/Screenshot-2024-04-15-alle-09.52.38-450x131.png 450w, https:\/\/franzonisedietavoli.it\/wp-content\/uploads\/2024\/04\/Screenshot-2024-04-15-alle-09.52.38-600x175.png 600w\" sizes=\"auto, (max-width: 1186px) 100vw, 1186px\" \/><\/p>\n<p>Veneered tabletop dark-coloured finishes:<\/p>\n<p><img loading=\"lazy\" decoding=\"async\" class=\"alignnone size-full wp-image-13351\" src=\"https:\/\/franzonisedietavoli.it\/wp-content\/uploads\/2024\/04\/Screenshot-2024-04-15-alle-09.52.46.png\" alt=\"\" width=\"1186\" height=\"346\" srcset=\"https:\/\/franzonisedietavoli.it\/wp-content\/uploads\/2024\/04\/Screenshot-2024-04-15-alle-09.52.46.png 1186w, https:\/\/franzonisedietavoli.it\/wp-content\/uploads\/2024\/04\/Screenshot-2024-04-15-alle-09.52.46-300x88.png 300w, https:\/\/franzonisedietavoli.it\/wp-content\/uploads\/2024\/04\/Screenshot-2024-04-15-alle-09.52.46-1030x300.png 1030w, https:\/\/franzonisedietavoli.it\/wp-content\/uploads\/2024\/04\/Screenshot-2024-04-15-alle-09.52.46-768x224.png 768w, https:\/\/franzonisedietavoli.it\/wp-content\/uploads\/2024\/04\/Screenshot-2024-04-15-alle-09.52.46-705x206.png 705w, https:\/\/franzonisedietavoli.it\/wp-content\/uploads\/2024\/04\/Screenshot-2024-04-15-alle-09.52.46-450x131.png 450w, https:\/\/franzonisedietavoli.it\/wp-content\/uploads\/2024\/04\/Screenshot-2024-04-15-alle-09.52.46-600x175.png 600w\" sizes=\"auto, (max-width: 1186px) 100vw, 1186px\" \/><\/p>\n<p>Veneered tabletop wooden finishes:<\/p>\n<p><img loading=\"lazy\" decoding=\"async\" class=\"alignnone size-full wp-image-13353\" src=\"https:\/\/franzonisedietavoli.it\/wp-content\/uploads\/2024\/04\/Screenshot-2024-04-15-alle-09.53.04.png\" alt=\"\" width=\"1448\" height=\"346\" srcset=\"https:\/\/franzonisedietavoli.it\/wp-content\/uploads\/2024\/04\/Screenshot-2024-04-15-alle-09.53.04.png 1448w, https:\/\/franzonisedietavoli.it\/wp-content\/uploads\/2024\/04\/Screenshot-2024-04-15-alle-09.53.04-300x72.png 300w, https:\/\/franzonisedietavoli.it\/wp-content\/uploads\/2024\/04\/Screenshot-2024-04-15-alle-09.53.04-1030x246.png 1030w, https:\/\/franzonisedietavoli.it\/wp-content\/uploads\/2024\/04\/Screenshot-2024-04-15-alle-09.53.04-768x184.png 768w, https:\/\/franzonisedietavoli.it\/wp-content\/uploads\/2024\/04\/Screenshot-2024-04-15-alle-09.53.04-705x168.png 705w, https:\/\/franzonisedietavoli.it\/wp-content\/uploads\/2024\/04\/Screenshot-2024-04-15-alle-09.53.04-450x108.png 450w, https:\/\/franzonisedietavoli.it\/wp-content\/uploads\/2024\/04\/Screenshot-2024-04-15-alle-09.53.04-600x143.png 600w\" sizes=\"auto, (max-width: 1448px) 100vw, 1448px\" \/><\/p>\n<p>Veneered tabletop textured finishes:<\/p>\n<p><img loading=\"lazy\" decoding=\"async\" class=\"alignnone wp-image-13355\" src=\"https:\/\/franzonisedietavoli.it\/wp-content\/uploads\/2024\/04\/Screenshot-2024-04-15-alle-09.53.33.png\" alt=\"\" width=\"357\" height=\"139\" srcset=\"https:\/\/franzonisedietavoli.it\/wp-content\/uploads\/2024\/04\/Screenshot-2024-04-15-alle-09.53.33.png 798w, https:\/\/franzonisedietavoli.it\/wp-content\/uploads\/2024\/04\/Screenshot-2024-04-15-alle-09.53.33-300x117.png 300w, https:\/\/franzonisedietavoli.it\/wp-content\/uploads\/2024\/04\/Screenshot-2024-04-15-alle-09.53.33-768x298.png 768w, https:\/\/franzonisedietavoli.it\/wp-content\/uploads\/2024\/04\/Screenshot-2024-04-15-alle-09.53.33-705x274.png 705w, https:\/\/franzonisedietavoli.it\/wp-content\/uploads\/2024\/04\/Screenshot-2024-04-15-alle-09.53.33-450x175.png 450w, https:\/\/franzonisedietavoli.it\/wp-content\/uploads\/2024\/04\/Screenshot-2024-04-15-alle-09.53.33-600x233.png 600w\" sizes=\"auto, (max-width: 357px) 100vw, 357px\" \/><\/p>\n<p>&nbsp;<\/p>\n","protected":false},"featured_media":18326,"template":"","meta":{"_monsterinsights_skip_tracking":false,"_monsterinsights_sitenote_active":false,"_monsterinsights_sitenote_note":"","_monsterinsights_sitenote_category":0},"product_brand":[],"product_cat":[65],"product_tag":[],"class_list":{"0":"post-13813","1":"product","2":"type-product","3":"status-publish","4":"has-post-thumbnail","6":"product_cat-tabletops","8":"first","9":"instock","10":"shipping-taxable","11":"product-type-simple"},"_links":{"self":[{"href":"https:\/\/franzonisedietavoli.it\/en\/wp-json\/wp\/v2\/product\/13813","targetHints":{"allow":["GET"]}}],"collection":[{"href":"https:\/\/franzonisedietavoli.it\/en\/wp-json\/wp\/v2\/product"}],"about":[{"href":"https:\/\/franzonisedietavoli.it\/en\/wp-json\/wp\/v2\/types\/product"}],"wp:featuredmedia":[{"embeddable":true,"href":"https:\/\/franzonisedietavoli.it\/en\/wp-json\/wp\/v2\/media\/18326"}],"wp:attachment":[{"href":"https:\/\/franzonisedietavoli.it\/en\/wp-json\/wp\/v2\/media?parent=13813"}],"wp:term":[{"taxonomy":"product_brand","embeddable":true,"href":"https:\/\/franzonisedietavoli.it\/en\/wp-json\/wp\/v2\/product_brand?post=13813"},{"taxonomy":"product_cat","embeddable":true,"href":"https:\/\/franzonisedietavoli.it\/en\/wp-json\/wp\/v2\/product_cat?post=13813"},{"taxonomy":"product_tag","embeddable":true,"href":"https:\/\/franzonisedietavoli.it\/en\/wp-json\/wp\/v2\/product_tag?post=13813"}],"curies":[{"name":"wp","href":"https:\/\/api.w.org\/{rel}","templated":true}]}}