{"id":13812,"date":"2024-04-15T08:18:34","date_gmt":"2024-04-15T08:18:34","guid":{"rendered":"https:\/\/franzonisedietavoli.it\/prodotto\/mod-3924\/"},"modified":"2024-04-15T08:18:34","modified_gmt":"2024-04-15T08:18:34","slug":"mod-3924","status":"publish","type":"product","link":"https:\/\/franzonisedietavoli.it\/en\/prodotto\/mod-3924\/","title":{"rendered":"mod. 3924"},"content":{"rendered":"","protected":false},"excerpt":{"rendered":"<p><strong>HPL layered tabletop<\/strong><\/p>\n<ul>\n<li>Width: 60 cm, 70 cm, 80 cm, 90 cm, 120 cm, 130 cm, 140 cm, 160 cm<\/li>\n<li>Depth: 60 cm, 70 cm, 80 cm, 90 cm<\/li>\n<\/ul>\n<p>&nbsp;<\/p>\n<ul>\n<li>Diameter: <span class=\"font6\">\u00d8 60 cm; \u00d8 70 cm, \u00d8 80 cm; \u00d8 90 cm; \u00d8 120 cm; \u00d8 140 cm; \u00d8 160 cm<\/span><\/li>\n<\/ul>\n<p>Thickness: 1 cm<\/p>\n<p>&nbsp;<\/p>\n<p>Our tabletops offer a wide range of customisation options.<\/p>\n<p>&nbsp;<\/p>\n<p>HPL layered finishes:<\/p>\n<p><img loading=\"lazy\" decoding=\"async\" class=\"alignnone wp-image-13439\" src=\"https:\/\/franzonisedietavoli.it\/wp-content\/uploads\/2024\/04\/Screenshot-2024-04-15-alle-14.56.34.png\" alt=\"\" width=\"697\" height=\"212\" srcset=\"https:\/\/franzonisedietavoli.it\/wp-content\/uploads\/2024\/04\/Screenshot-2024-04-15-alle-14.56.34.png 946w, https:\/\/franzonisedietavoli.it\/wp-content\/uploads\/2024\/04\/Screenshot-2024-04-15-alle-14.56.34-300x91.png 300w, https:\/\/franzonisedietavoli.it\/wp-content\/uploads\/2024\/04\/Screenshot-2024-04-15-alle-14.56.34-768x234.png 768w, https:\/\/franzonisedietavoli.it\/wp-content\/uploads\/2024\/04\/Screenshot-2024-04-15-alle-14.56.34-705x215.png 705w, https:\/\/franzonisedietavoli.it\/wp-content\/uploads\/2024\/04\/Screenshot-2024-04-15-alle-14.56.34-450x137.png 450w, https:\/\/franzonisedietavoli.it\/wp-content\/uploads\/2024\/04\/Screenshot-2024-04-15-alle-14.56.34-600x183.png 600w\" sizes=\"auto, (max-width: 697px) 100vw, 697px\" \/> <img loading=\"lazy\" decoding=\"async\" class=\"alignnone size-full wp-image-13441\" src=\"https:\/\/franzonisedietavoli.it\/wp-content\/uploads\/2024\/04\/Screenshot-2024-04-15-alle-14.57.03.png\" alt=\"\" width=\"694\" height=\"252\" srcset=\"https:\/\/franzonisedietavoli.it\/wp-content\/uploads\/2024\/04\/Screenshot-2024-04-15-alle-14.57.03.png 694w, https:\/\/franzonisedietavoli.it\/wp-content\/uploads\/2024\/04\/Screenshot-2024-04-15-alle-14.57.03-300x109.png 300w, https:\/\/franzonisedietavoli.it\/wp-content\/uploads\/2024\/04\/Screenshot-2024-04-15-alle-14.57.03-450x163.png 450w, https:\/\/franzonisedietavoli.it\/wp-content\/uploads\/2024\/04\/Screenshot-2024-04-15-alle-14.57.03-600x218.png 600w\" sizes=\"auto, (max-width: 694px) 100vw, 694px\" \/> <img loading=\"lazy\" decoding=\"async\" class=\"wp-image-13443 aligncenter\" src=\"https:\/\/franzonisedietavoli.it\/wp-content\/uploads\/2024\/04\/Screenshot-2024-04-15-alle-14.57.22.png\" alt=\"\" width=\"471\" height=\"186\" srcset=\"https:\/\/franzonisedietavoli.it\/wp-content\/uploads\/2024\/04\/Screenshot-2024-04-15-alle-14.57.22.png 542w, https:\/\/franzonisedietavoli.it\/wp-content\/uploads\/2024\/04\/Screenshot-2024-04-15-alle-14.57.22-300x118.png 300w, https:\/\/franzonisedietavoli.it\/wp-content\/uploads\/2024\/04\/Screenshot-2024-04-15-alle-14.57.22-450x178.png 450w\" sizes=\"auto, (max-width: 471px) 100vw, 471px\" \/><\/p>\n<p>&nbsp;<\/p>\n","protected":false},"featured_media":18322,"template":"","meta":{"_monsterinsights_skip_tracking":false,"_monsterinsights_sitenote_active":false,"_monsterinsights_sitenote_note":"","_monsterinsights_sitenote_category":0},"product_brand":[],"product_cat":[65],"product_tag":[],"class_list":{"0":"post-13812","1":"product","2":"type-product","3":"status-publish","4":"has-post-thumbnail","6":"product_cat-tabletops","8":"first","9":"instock","10":"shipping-taxable","11":"product-type-simple"},"_links":{"self":[{"href":"https:\/\/franzonisedietavoli.it\/en\/wp-json\/wp\/v2\/product\/13812","targetHints":{"allow":["GET"]}}],"collection":[{"href":"https:\/\/franzonisedietavoli.it\/en\/wp-json\/wp\/v2\/product"}],"about":[{"href":"https:\/\/franzonisedietavoli.it\/en\/wp-json\/wp\/v2\/types\/product"}],"wp:featuredmedia":[{"embeddable":true,"href":"https:\/\/franzonisedietavoli.it\/en\/wp-json\/wp\/v2\/media\/18322"}],"wp:attachment":[{"href":"https:\/\/franzonisedietavoli.it\/en\/wp-json\/wp\/v2\/media?parent=13812"}],"wp:term":[{"taxonomy":"product_brand","embeddable":true,"href":"https:\/\/franzonisedietavoli.it\/en\/wp-json\/wp\/v2\/product_brand?post=13812"},{"taxonomy":"product_cat","embeddable":true,"href":"https:\/\/franzonisedietavoli.it\/en\/wp-json\/wp\/v2\/product_cat?post=13812"},{"taxonomy":"product_tag","embeddable":true,"href":"https:\/\/franzonisedietavoli.it\/en\/wp-json\/wp\/v2\/product_tag?post=13812"}],"curies":[{"name":"wp","href":"https:\/\/api.w.org\/{rel}","templated":true}]}}