{"id":13811,"date":"2024-04-15T08:48:55","date_gmt":"2024-04-15T08:48:55","guid":{"rendered":"https:\/\/franzonisedietavoli.it\/prodotto\/mod-3911\/"},"modified":"2024-04-15T08:48:55","modified_gmt":"2024-04-15T08:48:55","slug":"mod-3911","status":"publish","type":"product","link":"https:\/\/franzonisedietavoli.it\/en\/prodotto\/mod-3911\/","title":{"rendered":"mod. 3911"},"content":{"rendered":"","protected":false},"excerpt":{"rendered":"<p><strong>Pinewood tabletop<\/strong><\/p>\n<ul>\n<li>Width: 60 cm, 70 cm, 80 cm, 90 cm, 130 cm<\/li>\n<li>Depth: 60 cm, 70 cm, 80 cm, 90 cm<\/li>\n<\/ul>\n<p>&nbsp;<\/p>\n<ul>\n<li>Diameter: <span class=\"font6\">\u00d8 60 cm; \u00d8 70 cm, \u00d8 80 cm; \u00d8 90 cm<\/span><\/li>\n<\/ul>\n<p>Thickness: 3 cm<\/p>\n<p>&nbsp;<\/p>\n<p>Our tabletops offer a wide range of customisation options.<\/p>\n<p>&nbsp;<\/p>\n<p>Pinewood finishes:<\/p>\n<p><img loading=\"lazy\" decoding=\"async\" class=\"alignnone size-full wp-image-13459\" src=\"https:\/\/franzonisedietavoli.it\/wp-content\/uploads\/2024\/04\/Screenshot-2024-04-15-alle-15.28.19.png\" alt=\"\" width=\"1466\" height=\"638\" srcset=\"https:\/\/franzonisedietavoli.it\/wp-content\/uploads\/2024\/04\/Screenshot-2024-04-15-alle-15.28.19.png 1466w, https:\/\/franzonisedietavoli.it\/wp-content\/uploads\/2024\/04\/Screenshot-2024-04-15-alle-15.28.19-300x131.png 300w, https:\/\/franzonisedietavoli.it\/wp-content\/uploads\/2024\/04\/Screenshot-2024-04-15-alle-15.28.19-1030x448.png 1030w, https:\/\/franzonisedietavoli.it\/wp-content\/uploads\/2024\/04\/Screenshot-2024-04-15-alle-15.28.19-768x334.png 768w, https:\/\/franzonisedietavoli.it\/wp-content\/uploads\/2024\/04\/Screenshot-2024-04-15-alle-15.28.19-705x307.png 705w, https:\/\/franzonisedietavoli.it\/wp-content\/uploads\/2024\/04\/Screenshot-2024-04-15-alle-15.28.19-450x196.png 450w, https:\/\/franzonisedietavoli.it\/wp-content\/uploads\/2024\/04\/Screenshot-2024-04-15-alle-15.28.19-600x261.png 600w\" sizes=\"auto, (max-width: 1466px) 100vw, 1466px\" \/><\/p>\n<p>&nbsp;<\/p>\n<p>&nbsp;<\/p>\n","protected":false},"featured_media":13450,"template":"","meta":{"_monsterinsights_skip_tracking":false,"_monsterinsights_sitenote_active":false,"_monsterinsights_sitenote_note":"","_monsterinsights_sitenote_category":0},"product_brand":[],"product_cat":[65],"product_tag":[],"class_list":{"0":"post-13811","1":"product","2":"type-product","3":"status-publish","4":"has-post-thumbnail","6":"product_cat-tabletops","8":"first","9":"instock","10":"shipping-taxable","11":"product-type-simple"},"_links":{"self":[{"href":"https:\/\/franzonisedietavoli.it\/en\/wp-json\/wp\/v2\/product\/13811","targetHints":{"allow":["GET"]}}],"collection":[{"href":"https:\/\/franzonisedietavoli.it\/en\/wp-json\/wp\/v2\/product"}],"about":[{"href":"https:\/\/franzonisedietavoli.it\/en\/wp-json\/wp\/v2\/types\/product"}],"wp:featuredmedia":[{"embeddable":true,"href":"https:\/\/franzonisedietavoli.it\/en\/wp-json\/wp\/v2\/media\/13450"}],"wp:attachment":[{"href":"https:\/\/franzonisedietavoli.it\/en\/wp-json\/wp\/v2\/media?parent=13811"}],"wp:term":[{"taxonomy":"product_brand","embeddable":true,"href":"https:\/\/franzonisedietavoli.it\/en\/wp-json\/wp\/v2\/product_brand?post=13811"},{"taxonomy":"product_cat","embeddable":true,"href":"https:\/\/franzonisedietavoli.it\/en\/wp-json\/wp\/v2\/product_cat?post=13811"},{"taxonomy":"product_tag","embeddable":true,"href":"https:\/\/franzonisedietavoli.it\/en\/wp-json\/wp\/v2\/product_tag?post=13811"}],"curies":[{"name":"wp","href":"https:\/\/api.w.org\/{rel}","templated":true}]}}